{"id":117,"date":"2020-11-16T21:59:06","date_gmt":"2020-11-16T20:59:06","guid":{"rendered":"http:\/\/teodorowicz.com\/sklep\/?post_type=product&#038;p=117"},"modified":"2025-08-03T20:48:49","modified_gmt":"2025-08-03T18:48:49","slug":"sowa","status":"publish","type":"product","link":"https:\/\/teodorowicz.com\/sklep\/produkt\/sowa","title":{"rendered":"Sowa Zachodz\u0105cego S\u0142o\u0144ca"},"content":{"rendered":"","protected":false},"excerpt":{"rendered":"<hr \/>\n<p>Duuu\u017ca Sowa Zachodz\u0105cego S\u0142o\u0144ca z malowanymi r\u0119cznie atrybutami w postaci s\u0142onecznej aureoli wok\u00f3\u0142 g\u0142owy, mini s\u0142o\u0144c u skrzyde\u0142 i rzeki pod \u0142apami. Oprawiona w drewnian\u0105 ram\u0119 koloru bia\u0142ego o wymiarach 42.5 \u00d7 67.5 cm i bia\u0142ym passe-partout. Druk na papierze bawe\u0142nianym 300g. Sygnowany.<\/p>\n<hr \/>\n","protected":false},"featured_media":1499,"comment_status":"closed","ping_status":"closed","template":"","meta":[],"_links":{"self":[{"href":"https:\/\/teodorowicz.com\/sklep\/wp-json\/wp\/v2\/product\/117"}],"collection":[{"href":"https:\/\/teodorowicz.com\/sklep\/wp-json\/wp\/v2\/product"}],"about":[{"href":"https:\/\/teodorowicz.com\/sklep\/wp-json\/wp\/v2\/types\/product"}],"replies":[{"embeddable":true,"href":"https:\/\/teodorowicz.com\/sklep\/wp-json\/wp\/v2\/comments?post=117"}],"wp:featuredmedia":[{"embeddable":true,"href":"https:\/\/teodorowicz.com\/sklep\/wp-json\/wp\/v2\/media\/1499"}],"wp:attachment":[{"href":"https:\/\/teodorowicz.com\/sklep\/wp-json\/wp\/v2\/media?parent=117"}],"curies":[{"name":"wp","href":"https:\/\/api.w.org\/{rel}","templated":true}]}}