{"id":139,"date":"2020-11-16T22:16:50","date_gmt":"2020-11-16T21:16:50","guid":{"rendered":"http:\/\/teodorowicz.com\/sklep\/?post_type=product&#038;p=139"},"modified":"2020-12-14T04:18:51","modified_gmt":"2020-12-14T03:18:51","slug":"zamek-dzien","status":"publish","type":"product","link":"https:\/\/teodorowicz.com\/sklep\/produkt\/zamek-dzien","title":{"rendered":"Zamek. Dzie\u0144."},"content":{"rendered":"","protected":false},"excerpt":{"rendered":"<hr \/>\n<p>W bia\u0142y dzie\u0144 na Zamku przewa\u017cnie pojawiaj\u0105 si\u0119 pojedynczy podr\u00f3\u017cnicy, kt\u00f3rzy nie mog\u0105 odm\u00f3wi\u0107 sobie przyjemno\u015bci wej\u015bcia na d\u0142ugie mosty rozpostarte pomi\u0119dzy strzelistymi wie\u017cami, sk\u0105d rozci\u0105ga si\u0119 niczym nie przys\u0142oni\u0119ty widok r\u00f3wninnej okolicy. Kamienna balustrada przyjemnie ch\u0142odzi ich rozgrzane \u0142apki. W dole bielej\u0105, zazwyczaj czerwone noc\u0105, owoce zamkowego drzewa, wydaj\u0105c z siebie lekko waniliow\u0105 wo\u0144, kt\u00f3r\u0105 p\u0142yn\u0105cy wietrzyk zabiera ze sob\u0105 wraz z kropelkami wody z przyzamkowej fontanny.<\/p>\n<p>&#8222;Zamek. Dzie\u0144&#8221; oprawiony w bia\u0142\u0105, drewnian\u0105 ramk\u0119 o wymiarach 40.5 x 40.5 cm, z bia\u0142ym passe-partout.\u00a0 Ca\u0142o\u015b\u0107 bardzo jasna, przejrzysta- \u015bnie\u017cnobia\u0142e biele i soczysta ziele\u0144 trawy. Koty i fontanna. Pierwszy z serii na sto zaplanowanych wydruk\u00f3w (1\/100). Druk na papierze bawe\u0142nianym 300g + tempera. Posiada swoj\u0105 wersj\u0119 nocn\u0105. Sygnowany.<\/p>\n<hr \/>\n","protected":false},"featured_media":144,"comment_status":"closed","ping_status":"closed","template":"","meta":[],"_links":{"self":[{"href":"https:\/\/teodorowicz.com\/sklep\/wp-json\/wp\/v2\/product\/139"}],"collection":[{"href":"https:\/\/teodorowicz.com\/sklep\/wp-json\/wp\/v2\/product"}],"about":[{"href":"https:\/\/teodorowicz.com\/sklep\/wp-json\/wp\/v2\/types\/product"}],"replies":[{"embeddable":true,"href":"https:\/\/teodorowicz.com\/sklep\/wp-json\/wp\/v2\/comments?post=139"}],"wp:featuredmedia":[{"embeddable":true,"href":"https:\/\/teodorowicz.com\/sklep\/wp-json\/wp\/v2\/media\/144"}],"wp:attachment":[{"href":"https:\/\/teodorowicz.com\/sklep\/wp-json\/wp\/v2\/media?parent=139"}],"curies":[{"name":"wp","href":"https:\/\/api.w.org\/{rel}","templated":true}]}}