{"id":146,"date":"2020-11-16T22:25:12","date_gmt":"2020-11-16T21:25:12","guid":{"rendered":"http:\/\/teodorowicz.com\/sklep\/?post_type=product&#038;p=146"},"modified":"2020-12-14T04:10:38","modified_gmt":"2020-12-14T03:10:38","slug":"zamek-noc","status":"publish","type":"product","link":"https:\/\/teodorowicz.com\/sklep\/produkt\/zamek-noc","title":{"rendered":"Zamek. Noc."},"content":{"rendered":"","protected":false},"excerpt":{"rendered":"<hr \/>\n<p>Kiedy jasn\u0105 noc\u0105 miarowy szum fontanny niesie si\u0119 echem w najdalsze dale, a niesko\u0144czone niebo zaczyna si\u0119 tu\u017c przy ziemi, ju\u017c mi\u0119dzy \u017ad\u017ab\u0142ami trawy, po zamkowych kru\u017cgankach kr\u0105\u017cy Duch Wypoczynku. Przezroczyst\u0105 d\u0142oni\u0105 zdejmuje \u015bpi\u0105cym zm\u0119czenie.<\/p>\n<p>&#8222;Zamek. Noc&#8221; oprawiony zosta\u0142 w bia\u0142\u0105, drewnian\u0105 ramk\u0119 o wymiarach 40.5 x 40.5 cm i bia\u0142e passe-partout. Ciemnoniebieskie niebo, gwiazdy, ksi\u0119\u017cyc, z\u0142ota planeta i fontanna. Pierwszy z serii na sto zaplanowanych wydruk\u00f3w (1\/100). Druk na papierze bawe\u0142nianym 300g. Sygnowany. Posiada swoj\u0105 wersj\u0119 dzienn\u0105.<\/p>\n<hr \/>\n","protected":false},"featured_media":149,"comment_status":"closed","ping_status":"closed","template":"","meta":[],"_links":{"self":[{"href":"https:\/\/teodorowicz.com\/sklep\/wp-json\/wp\/v2\/product\/146"}],"collection":[{"href":"https:\/\/teodorowicz.com\/sklep\/wp-json\/wp\/v2\/product"}],"about":[{"href":"https:\/\/teodorowicz.com\/sklep\/wp-json\/wp\/v2\/types\/product"}],"replies":[{"embeddable":true,"href":"https:\/\/teodorowicz.com\/sklep\/wp-json\/wp\/v2\/comments?post=146"}],"wp:featuredmedia":[{"embeddable":true,"href":"https:\/\/teodorowicz.com\/sklep\/wp-json\/wp\/v2\/media\/149"}],"wp:attachment":[{"href":"https:\/\/teodorowicz.com\/sklep\/wp-json\/wp\/v2\/media?parent=146"}],"curies":[{"name":"wp","href":"https:\/\/api.w.org\/{rel}","templated":true}]}}