{"id":1537,"date":"2020-12-05T21:23:07","date_gmt":"2020-12-05T20:23:07","guid":{"rendered":"http:\/\/teodorowicz.com\/sklep\/?post_type=product&#038;p=1537"},"modified":"2020-12-14T06:24:18","modified_gmt":"2020-12-14T05:24:18","slug":"cytronelka","status":"publish","type":"product","link":"https:\/\/teodorowicz.com\/sklep\/produkt\/cytronelka","title":{"rendered":"Cytronelka"},"content":{"rendered":"","protected":false},"excerpt":{"rendered":"<hr \/>\n<p>\u201eCytronelka\u201d jest w oryginale rysunkiem o intensywnej kolorystyce wykonanym akwarel\u0105, temper\u0105, kredk\u0105 i cienkopisem kre\u015blarskim na papierze w formacie A4. Stalowoszara z cytrynowymi oczami. Druk na papierze bawe\u0142nianym 300g. Sygnowany. Limitowany. Seria ustalona na 100 wydruk\u00f3w \u2013 ka\u017cdy wydruk oznaczony numerem kolejno\u015bci, np. 2\/100. Dost\u0119pna w dw\u00f3ch formatach: A4 i A3.<\/p>\n<hr \/>\n","protected":false},"featured_media":1667,"comment_status":"open","ping_status":"closed","template":"","meta":[],"_links":{"self":[{"href":"https:\/\/teodorowicz.com\/sklep\/wp-json\/wp\/v2\/product\/1537"}],"collection":[{"href":"https:\/\/teodorowicz.com\/sklep\/wp-json\/wp\/v2\/product"}],"about":[{"href":"https:\/\/teodorowicz.com\/sklep\/wp-json\/wp\/v2\/types\/product"}],"replies":[{"embeddable":true,"href":"https:\/\/teodorowicz.com\/sklep\/wp-json\/wp\/v2\/comments?post=1537"}],"wp:featuredmedia":[{"embeddable":true,"href":"https:\/\/teodorowicz.com\/sklep\/wp-json\/wp\/v2\/media\/1667"}],"wp:attachment":[{"href":"https:\/\/teodorowicz.com\/sklep\/wp-json\/wp\/v2\/media?parent=1537"}],"curies":[{"name":"wp","href":"https:\/\/api.w.org\/{rel}","templated":true}]}}