{"id":1549,"date":"2020-12-05T21:35:00","date_gmt":"2020-12-05T20:35:00","guid":{"rendered":"http:\/\/teodorowicz.com\/sklep\/?post_type=product&#038;p=1549"},"modified":"2026-04-22T01:24:05","modified_gmt":"2026-04-21T23:24:05","slug":"sowa-o-imieniu-wczoraj","status":"publish","type":"product","link":"https:\/\/teodorowicz.com\/sklep\/produkt\/sowa-o-imieniu-wczoraj","title":{"rendered":"Sowa Wczorajsza"},"content":{"rendered":"","protected":false},"excerpt":{"rendered":"<hr \/>\n<p>\u201eSowa Wczorajsza\u201d jest w oryginale rysunkiem o intensywnej kolorystyce wykonanym akwarel\u0105, temper\u0105, kredk\u0105 i cienkopisem kre\u015blarskim na papierze w formacie A4. Czerwie\u0144 i szaro\u015bci w r\u00f3\u017cnych odcieniach, b\u0142\u0119kitne, zielone i \u017c\u00f3\u0142te akcenty. Druk na papierze bawe\u0142nianym 300g. Sygnowany. Limitowany. Seria ustalona na 100 wydruk\u00f3w \u2013 ka\u017cdy wydruk oznaczony numerem kolejno\u015bci, np. 2\/100. Dost\u0119pna w dw\u00f3ch formatach: A4 i A3.<\/p>\n<hr \/>\n","protected":false},"featured_media":1677,"comment_status":"open","ping_status":"closed","template":"","meta":[],"_links":{"self":[{"href":"https:\/\/teodorowicz.com\/sklep\/wp-json\/wp\/v2\/product\/1549"}],"collection":[{"href":"https:\/\/teodorowicz.com\/sklep\/wp-json\/wp\/v2\/product"}],"about":[{"href":"https:\/\/teodorowicz.com\/sklep\/wp-json\/wp\/v2\/types\/product"}],"replies":[{"embeddable":true,"href":"https:\/\/teodorowicz.com\/sklep\/wp-json\/wp\/v2\/comments?post=1549"}],"wp:featuredmedia":[{"embeddable":true,"href":"https:\/\/teodorowicz.com\/sklep\/wp-json\/wp\/v2\/media\/1677"}],"wp:attachment":[{"href":"https:\/\/teodorowicz.com\/sklep\/wp-json\/wp\/v2\/media?parent=1549"}],"curies":[{"name":"wp","href":"https:\/\/api.w.org\/{rel}","templated":true}]}}