{"id":186,"date":"2020-11-17T00:30:26","date_gmt":"2020-11-16T23:30:26","guid":{"rendered":"http:\/\/teodorowicz.com\/sklep\/?post_type=product&#038;p=186"},"modified":"2020-12-14T05:48:47","modified_gmt":"2020-12-14T04:48:47","slug":"sowa-01","status":"publish","type":"product","link":"https:\/\/teodorowicz.com\/sklep\/produkt\/sowa-01","title":{"rendered":"Kr\u00f3lewskie Dzieci\u0119 S\u00f3w"},"content":{"rendered":"","protected":false},"excerpt":{"rendered":"<hr \/>\n<p>&#8222;Kr\u00f3lewskie Dzieci\u0119 S\u00f3w&#8221; jest w oryginale rysunkiem o intensywnej kolorystyce wykonanym akwarel\u0105 i cienkopisem kre\u015blarskim na papierze w formacie A4. Wielobarwna. Dopiero co urodzona, wi\u0119c lekko zdziwiona. Druk na papierze bawe\u0142nianym 300g. Sygnowany. Limitowany. Seria ustalona na 100 wydruk\u00f3w &#8211; ka\u017cdy wydruk oznaczony numerem kolejno\u015bci, np. 2\/100. Dost\u0119pna w dw\u00f3ch formatach: A4 i A3.<\/p>\n<hr \/>\n","protected":false},"featured_media":1714,"comment_status":"closed","ping_status":"closed","template":"","meta":[],"_links":{"self":[{"href":"https:\/\/teodorowicz.com\/sklep\/wp-json\/wp\/v2\/product\/186"}],"collection":[{"href":"https:\/\/teodorowicz.com\/sklep\/wp-json\/wp\/v2\/product"}],"about":[{"href":"https:\/\/teodorowicz.com\/sklep\/wp-json\/wp\/v2\/types\/product"}],"replies":[{"embeddable":true,"href":"https:\/\/teodorowicz.com\/sklep\/wp-json\/wp\/v2\/comments?post=186"}],"wp:featuredmedia":[{"embeddable":true,"href":"https:\/\/teodorowicz.com\/sklep\/wp-json\/wp\/v2\/media\/1714"}],"wp:attachment":[{"href":"https:\/\/teodorowicz.com\/sklep\/wp-json\/wp\/v2\/media?parent=186"}],"curies":[{"name":"wp","href":"https:\/\/api.w.org\/{rel}","templated":true}]}}