{"id":209,"date":"2020-11-17T00:41:29","date_gmt":"2020-11-16T23:41:29","guid":{"rendered":"http:\/\/teodorowicz.com\/sklep\/?post_type=product&#038;p=209"},"modified":"2020-12-14T06:12:41","modified_gmt":"2020-12-14T05:12:41","slug":"sowa-21","status":"publish","type":"product","link":"https:\/\/teodorowicz.com\/sklep\/produkt\/sowa-21","title":{"rendered":"Sowa Wielokierunkowa"},"content":{"rendered":"","protected":false},"excerpt":{"rendered":"<hr \/>\n<p>\u201eSowa Wielokierunkowa\u201d jest w oryginale rysunkiem o intensywnej kolorystyce wykonanym akwarel\u0105 i cienkopisem kre\u015blarskim na papierze w formacie A4. B\u0142\u0119kity, r\u00f3\u017ce, szaro\u015bci, fiolety, czerwienie, zielenie i akcent \u017c\u00f3\u0142ty na trzecim oku.\u00a0 Druk na papierze bawe\u0142nianym 300g. Sygnowany. Limitowany. Seria ustalona na 100 wydruk\u00f3w \u2013 ka\u017cdy wydruk oznaczony numerem kolejno\u015bci, np. 2\/100. Dost\u0119pna w dw\u00f3ch formatach: A4 i A3. Mo\u017ce porusza\u0107 si\u0119 w wielu kierunkach naraz.<\/p>\n<hr \/>\n","protected":false},"featured_media":1709,"comment_status":"closed","ping_status":"closed","template":"","meta":[],"_links":{"self":[{"href":"https:\/\/teodorowicz.com\/sklep\/wp-json\/wp\/v2\/product\/209"}],"collection":[{"href":"https:\/\/teodorowicz.com\/sklep\/wp-json\/wp\/v2\/product"}],"about":[{"href":"https:\/\/teodorowicz.com\/sklep\/wp-json\/wp\/v2\/types\/product"}],"replies":[{"embeddable":true,"href":"https:\/\/teodorowicz.com\/sklep\/wp-json\/wp\/v2\/comments?post=209"}],"wp:featuredmedia":[{"embeddable":true,"href":"https:\/\/teodorowicz.com\/sklep\/wp-json\/wp\/v2\/media\/1709"}],"wp:attachment":[{"href":"https:\/\/teodorowicz.com\/sklep\/wp-json\/wp\/v2\/media?parent=209"}],"curies":[{"name":"wp","href":"https:\/\/api.w.org\/{rel}","templated":true}]}}