{"id":216,"date":"2020-11-17T00:48:35","date_gmt":"2020-11-16T23:48:35","guid":{"rendered":"http:\/\/teodorowicz.com\/sklep\/?post_type=product&#038;p=216"},"modified":"2020-12-14T05:42:21","modified_gmt":"2020-12-14T04:42:21","slug":"sowa-07","status":"publish","type":"product","link":"https:\/\/teodorowicz.com\/sklep\/produkt\/sowa-07","title":{"rendered":"Faraonowa"},"content":{"rendered":"","protected":false},"excerpt":{"rendered":"<hr \/>\n<p>\u201eFaraonowa\u201d jest w oryginale rysunkiem o intensywnej kolorystyce wykonanym akwarel\u0105 i cienkopisem kre\u015blarskim na papierze w formacie A4. B\u0142\u0119kity, czerwienie i zielenie s\u0105 jej kolorami dominuj\u0105cymi. Druk na papierze bawe\u0142nianym 300g. Sygnowany. Limitowany. Seria ustalona na 100 wydruk\u00f3w \u2013 ka\u017cdy wydruk oznaczony numerem kolejno\u015bci, np. 2\/100. Dost\u0119pna w dw\u00f3ch formatach: A4 i A3.<\/p>\n<hr \/>\n<p>&nbsp;<\/p>\n","protected":false},"featured_media":1690,"comment_status":"closed","ping_status":"closed","template":"","meta":[],"_links":{"self":[{"href":"https:\/\/teodorowicz.com\/sklep\/wp-json\/wp\/v2\/product\/216"}],"collection":[{"href":"https:\/\/teodorowicz.com\/sklep\/wp-json\/wp\/v2\/product"}],"about":[{"href":"https:\/\/teodorowicz.com\/sklep\/wp-json\/wp\/v2\/types\/product"}],"replies":[{"embeddable":true,"href":"https:\/\/teodorowicz.com\/sklep\/wp-json\/wp\/v2\/comments?post=216"}],"wp:featuredmedia":[{"embeddable":true,"href":"https:\/\/teodorowicz.com\/sklep\/wp-json\/wp\/v2\/media\/1690"}],"wp:attachment":[{"href":"https:\/\/teodorowicz.com\/sklep\/wp-json\/wp\/v2\/media?parent=216"}],"curies":[{"name":"wp","href":"https:\/\/api.w.org\/{rel}","templated":true}]}}