{"id":227,"date":"2020-11-17T00:49:26","date_gmt":"2020-11-16T23:49:26","guid":{"rendered":"http:\/\/teodorowicz.com\/sklep\/?post_type=product&#038;p=227"},"modified":"2020-12-14T06:03:49","modified_gmt":"2020-12-14T05:03:49","slug":"sowa-08","status":"publish","type":"product","link":"https:\/\/teodorowicz.com\/sklep\/produkt\/sowa-08","title":{"rendered":"Sowa Obfito\u015bci"},"content":{"rendered":"","protected":false},"excerpt":{"rendered":"<hr \/>\n<p>\u201eSowa Obfito\u015bci\u201d jest w oryginale rysunkiem o intensywnej kolorystyce wykonanym akwarel\u0105 i cienkopisem kre\u015blarskim na papierze w formacie A4. R\u00f3\u017cne odcienie b\u0142\u0119kit\u00f3w, fiolety i r\u00f3\u017ce, szaro\u015bci i zielenie oraz mocny akcent jasno\u017c\u00f3\u0142tych oczu to jej cechy kolorystyczne. Pilnuje dostatku i dba o obfito\u015b\u0107. Druk na papierze bawe\u0142nianym 300g. Sygnowany. Limitowany. Seria ustalona na 100 wydruk\u00f3w \u2013 ka\u017cdy wydruk oznaczony numerem kolejno\u015bci, np. 2\/100. Dost\u0119pna w dw\u00f3ch formatach: A4 i A3.<\/p>\n<hr \/>\n","protected":false},"featured_media":1703,"comment_status":"closed","ping_status":"closed","template":"","meta":[],"_links":{"self":[{"href":"https:\/\/teodorowicz.com\/sklep\/wp-json\/wp\/v2\/product\/227"}],"collection":[{"href":"https:\/\/teodorowicz.com\/sklep\/wp-json\/wp\/v2\/product"}],"about":[{"href":"https:\/\/teodorowicz.com\/sklep\/wp-json\/wp\/v2\/types\/product"}],"replies":[{"embeddable":true,"href":"https:\/\/teodorowicz.com\/sklep\/wp-json\/wp\/v2\/comments?post=227"}],"wp:featuredmedia":[{"embeddable":true,"href":"https:\/\/teodorowicz.com\/sklep\/wp-json\/wp\/v2\/media\/1703"}],"wp:attachment":[{"href":"https:\/\/teodorowicz.com\/sklep\/wp-json\/wp\/v2\/media?parent=227"}],"curies":[{"name":"wp","href":"https:\/\/api.w.org\/{rel}","templated":true}]}}