{"id":254,"date":"2020-11-17T00:59:38","date_gmt":"2020-11-16T23:59:38","guid":{"rendered":"http:\/\/teodorowicz.com\/sklep\/?post_type=product&#038;p=254"},"modified":"2020-12-14T05:54:35","modified_gmt":"2020-12-14T04:54:35","slug":"sowa-29","status":"publish","type":"product","link":"https:\/\/teodorowicz.com\/sklep\/produkt\/sowa-29","title":{"rendered":"Sowa Bezszelestnie Tupi\u0105ca"},"content":{"rendered":"","protected":false},"excerpt":{"rendered":"<hr \/>\n<p>&#8222;Sowa Bezszelestnie Tupi\u0105ca\u201d jest w oryginale rysunkiem o intensywnej kolorystyce wykonanym akwarel\u0105 i cienkopisem kre\u015blarskim na papierze w formacie A4. Dominuj\u0105cym kolorem jest b\u0142\u0119kit, mocniejsze \u017c\u00f3\u0142te, czerwone i r\u00f3\u017cowe akcenty. Druk na papierze bawe\u0142nianym 300g. Sygnowany. Limitowany. Seria ustalona na 100 wydruk\u00f3w \u2013 ka\u017cdy wydruk oznaczony numerem kolejno\u015bci, np. 2\/100. Dost\u0119pna w dw\u00f3ch formatach: A4 i A3.<\/p>\n<hr \/>\n","protected":false},"featured_media":1694,"comment_status":"closed","ping_status":"closed","template":"","meta":[],"_links":{"self":[{"href":"https:\/\/teodorowicz.com\/sklep\/wp-json\/wp\/v2\/product\/254"}],"collection":[{"href":"https:\/\/teodorowicz.com\/sklep\/wp-json\/wp\/v2\/product"}],"about":[{"href":"https:\/\/teodorowicz.com\/sklep\/wp-json\/wp\/v2\/types\/product"}],"replies":[{"embeddable":true,"href":"https:\/\/teodorowicz.com\/sklep\/wp-json\/wp\/v2\/comments?post=254"}],"wp:featuredmedia":[{"embeddable":true,"href":"https:\/\/teodorowicz.com\/sklep\/wp-json\/wp\/v2\/media\/1694"}],"wp:attachment":[{"href":"https:\/\/teodorowicz.com\/sklep\/wp-json\/wp\/v2\/media?parent=254"}],"curies":[{"name":"wp","href":"https:\/\/api.w.org\/{rel}","templated":true}]}}