{"id":285,"date":"2020-11-17T01:44:47","date_gmt":"2020-11-17T00:44:47","guid":{"rendered":"http:\/\/teodorowicz.com\/sklep\/?post_type=product&#038;p=285"},"modified":"2020-12-13T19:43:27","modified_gmt":"2020-12-13T18:43:27","slug":"koty","status":"publish","type":"product","link":"https:\/\/teodorowicz.com\/sklep\/produkt\/koty","title":{"rendered":"Koty"},"content":{"rendered":"","protected":false},"excerpt":{"rendered":"<hr \/>\n<p>&#8222;Koty&#8221; to rysunek barwny w ciep\u0142ej tonacji, w oryginale wykonany akwarel\u0105 i cienkopisem kre\u015blarskim na papierze graficznym. Format 50&#215;50 cm. Druk na papierze bawe\u0142nianym 300g. Sygnowany. Limitowany.<\/p>\n<hr \/>\n<p>&nbsp;<\/p>\n","protected":false},"featured_media":2555,"comment_status":"open","ping_status":"closed","template":"","meta":[],"_links":{"self":[{"href":"https:\/\/teodorowicz.com\/sklep\/wp-json\/wp\/v2\/product\/285"}],"collection":[{"href":"https:\/\/teodorowicz.com\/sklep\/wp-json\/wp\/v2\/product"}],"about":[{"href":"https:\/\/teodorowicz.com\/sklep\/wp-json\/wp\/v2\/types\/product"}],"replies":[{"embeddable":true,"href":"https:\/\/teodorowicz.com\/sklep\/wp-json\/wp\/v2\/comments?post=285"}],"wp:featuredmedia":[{"embeddable":true,"href":"https:\/\/teodorowicz.com\/sklep\/wp-json\/wp\/v2\/media\/2555"}],"wp:attachment":[{"href":"https:\/\/teodorowicz.com\/sklep\/wp-json\/wp\/v2\/media?parent=285"}],"curies":[{"name":"wp","href":"https:\/\/api.w.org\/{rel}","templated":true}]}}