{"id":30,"date":"2020-11-16T20:32:35","date_gmt":"2020-11-16T19:32:35","guid":{"rendered":"http:\/\/teodorowicz.com\/sklep\/?post_type=product&#038;p=30"},"modified":"2020-12-15T18:27:09","modified_gmt":"2020-12-15T17:27:09","slug":"zwykle-ogrodowe-sprawy","status":"publish","type":"product","link":"https:\/\/teodorowicz.com\/sklep\/produkt\/zwykle-ogrodowe-sprawy","title":{"rendered":"Zwyk\u0142e ogrodowe sprawy"},"content":{"rendered":"<p>&nbsp;<\/p>\n<p>&nbsp;<\/p>\n<p>&nbsp;<\/p>\n<p>&nbsp;<\/p>\n","protected":false},"excerpt":{"rendered":"<hr \/>\n<p>P\u00f3\u017ane popo\u0142udnie w ogrodzie nadchodzi bardzo nieoczekiwanie. S\u0142o\u0144ce jeszcze przed chwil\u0105 sta\u0142o w zenicie a tu nagle s\u0142odka pora podwieczorku, wo\u0142aj\u0105, \u015bwiat\u0142a w domu pozapalane, pies ko\u0144czy si\u00f3dm\u0105 drzemk\u0119. Pachn\u0105 kwiaty i ka\u0142u\u017ce. Nied\u0142ugo zmierzch, i noc. I zn\u00f3w b\u0142yskawicznie \u015bwit, i dzie\u0144, i p\u00f3\u017ane popo\u0142udnie w ogrodzie nadchodzi bardzo nieoczekiwanie&#8230;<\/p>\n<p>&#8222;Zwyk\u0142e ogrodowe sprawy&#8221; &#8211; trzeci z zaplanowanej na sto wydruk\u00f3w serii (3\/100), oprawiony w czarn\u0105 ramk\u0119 o wymiarach 34.0 \u00d7 28.0 cm. Druk na papierze bawe\u0142nianym 300g. Intensywny w nasyceniu koloru, jasny, s\u0142oneczny. Du\u017co szczeg\u00f3\u0142\u00f3w. Sygnowany. Dodatkowo do obrazka do\u0142\u0105czone jest r\u0119cznie robione, bia\u0142e, tekturowe pude\u0142ko.<\/p>\n<hr \/>\n","protected":false},"featured_media":31,"comment_status":"closed","ping_status":"closed","template":"","meta":[],"_links":{"self":[{"href":"https:\/\/teodorowicz.com\/sklep\/wp-json\/wp\/v2\/product\/30"}],"collection":[{"href":"https:\/\/teodorowicz.com\/sklep\/wp-json\/wp\/v2\/product"}],"about":[{"href":"https:\/\/teodorowicz.com\/sklep\/wp-json\/wp\/v2\/types\/product"}],"replies":[{"embeddable":true,"href":"https:\/\/teodorowicz.com\/sklep\/wp-json\/wp\/v2\/comments?post=30"}],"wp:featuredmedia":[{"embeddable":true,"href":"https:\/\/teodorowicz.com\/sklep\/wp-json\/wp\/v2\/media\/31"}],"wp:attachment":[{"href":"https:\/\/teodorowicz.com\/sklep\/wp-json\/wp\/v2\/media?parent=30"}],"curies":[{"name":"wp","href":"https:\/\/api.w.org\/{rel}","templated":true}]}}