{"id":303,"date":"2020-11-17T01:54:34","date_gmt":"2020-11-17T00:54:34","guid":{"rendered":"http:\/\/teodorowicz.com\/sklep\/?post_type=product&#038;p=303"},"modified":"2020-12-12T03:49:58","modified_gmt":"2020-12-12T02:49:58","slug":"its-snowing","status":"publish","type":"product","link":"https:\/\/teodorowicz.com\/sklep\/produkt\/its-snowing","title":{"rendered":"It&#8217;s sNOWing"},"content":{"rendered":"","protected":false},"excerpt":{"rendered":"<hr \/>\n<p>&#8222;It&#8217;s sNOWing&#8221; to praca w oryginale wykonana za pomoc\u0105 tempery i pasteli olejnej poprzez\u00a0 wydrapywanie warstwy farby.\u00a0 Indygo, czer\u0144, z\u0142amana biel. Klimat zimowy, rodzina na sankach- zje\u017cd\u017ca tata. Jej format to 25 x 17.5 cm. Druk na papierze bawe\u0142nianym 300g. Sygnowany. Limitowany.<\/p>\n<hr \/>\n","protected":false},"featured_media":2482,"comment_status":"open","ping_status":"closed","template":"","meta":[],"_links":{"self":[{"href":"https:\/\/teodorowicz.com\/sklep\/wp-json\/wp\/v2\/product\/303"}],"collection":[{"href":"https:\/\/teodorowicz.com\/sklep\/wp-json\/wp\/v2\/product"}],"about":[{"href":"https:\/\/teodorowicz.com\/sklep\/wp-json\/wp\/v2\/types\/product"}],"replies":[{"embeddable":true,"href":"https:\/\/teodorowicz.com\/sklep\/wp-json\/wp\/v2\/comments?post=303"}],"wp:featuredmedia":[{"embeddable":true,"href":"https:\/\/teodorowicz.com\/sklep\/wp-json\/wp\/v2\/media\/2482"}],"wp:attachment":[{"href":"https:\/\/teodorowicz.com\/sklep\/wp-json\/wp\/v2\/media?parent=303"}],"curies":[{"name":"wp","href":"https:\/\/api.w.org\/{rel}","templated":true}]}}