{"id":304,"date":"2020-11-17T01:55:56","date_gmt":"2020-11-17T00:55:56","guid":{"rendered":"http:\/\/teodorowicz.com\/sklep\/?post_type=product&#038;p=304"},"modified":"2024-11-10T21:02:33","modified_gmt":"2024-11-10T20:02:33","slug":"po-morskim-dnie-przejazdzka","status":"publish","type":"product","link":"https:\/\/teodorowicz.com\/sklep\/produkt\/po-morskim-dnie-przejazdzka","title":{"rendered":"Po morskim dnie przeja\u017cd\u017cka"},"content":{"rendered":"","protected":false},"excerpt":{"rendered":"<hr \/>\n<p>\u201ePo morskim dnie przeja\u017cd\u017cka\u201d to praca w oryginale wykonana za pomoc\u0105 tempery i pasteli olejnej poprzez malowanie i wydrapywanie warstwy farby. Kolory to indygo, brudne r\u00f3\u017ce i z\u0142amane biele. Jest to cz\u0119\u015b\u0107 nieformalnej serii zatytu\u0142owanej \u201eThere Are Many Ships Sailing In The Same Direction\u201d, do kt\u00f3rej wchodz\u0105 wszystkie wizerunki statk\u00f3w, czy \u0142\u00f3dek. Jej format to 30 x 20 cm. Druk na papierze bawe\u0142nianym 300g. Sygnowany. Limitowany.<\/p>\n<hr \/>\n","protected":false},"featured_media":2486,"comment_status":"open","ping_status":"closed","template":"","meta":[],"_links":{"self":[{"href":"https:\/\/teodorowicz.com\/sklep\/wp-json\/wp\/v2\/product\/304"}],"collection":[{"href":"https:\/\/teodorowicz.com\/sklep\/wp-json\/wp\/v2\/product"}],"about":[{"href":"https:\/\/teodorowicz.com\/sklep\/wp-json\/wp\/v2\/types\/product"}],"replies":[{"embeddable":true,"href":"https:\/\/teodorowicz.com\/sklep\/wp-json\/wp\/v2\/comments?post=304"}],"wp:featuredmedia":[{"embeddable":true,"href":"https:\/\/teodorowicz.com\/sklep\/wp-json\/wp\/v2\/media\/2486"}],"wp:attachment":[{"href":"https:\/\/teodorowicz.com\/sklep\/wp-json\/wp\/v2\/media?parent=304"}],"curies":[{"name":"wp","href":"https:\/\/api.w.org\/{rel}","templated":true}]}}