{"id":308,"date":"2020-11-17T01:59:35","date_gmt":"2020-11-17T00:59:35","guid":{"rendered":"http:\/\/teodorowicz.com\/sklep\/?post_type=product&#038;p=308"},"modified":"2020-12-12T02:56:53","modified_gmt":"2020-12-12T01:56:53","slug":"polarny","status":"publish","type":"product","link":"https:\/\/teodorowicz.com\/sklep\/produkt\/polarny","title":{"rendered":"Polarny"},"content":{"rendered":"","protected":false},"excerpt":{"rendered":"<hr \/>\n<p>\u201ePolarny\u201d to praca w oryginale wykonana za pomoc\u0105 tempery, akrylu, pasteli olejnej i suchej poprzez malowanie, napr\u00f3szanie i wydrapywanie warstwy farby na papierze. Zdecydowanie niebieska. Klimat arktyczny, lodowy, niskotemperaturowy. Jest ona cz\u0119\u015bci\u0105 nieformalnej serii zatytu\u0142owanej \u201eThere Are Many Ships Sailing In The Same Direction\u201d, do kt\u00f3rej wchodz\u0105 wszystkie wizerunki statk\u00f3w, czy \u0142\u00f3dek. Jej format to 45 x 25 cm. Druk na papierze bawe\u0142nianym 300g. Sygnowany. Limitowany.<\/p>\n<hr \/>\n","protected":false},"featured_media":2478,"comment_status":"open","ping_status":"closed","template":"","meta":[],"_links":{"self":[{"href":"https:\/\/teodorowicz.com\/sklep\/wp-json\/wp\/v2\/product\/308"}],"collection":[{"href":"https:\/\/teodorowicz.com\/sklep\/wp-json\/wp\/v2\/product"}],"about":[{"href":"https:\/\/teodorowicz.com\/sklep\/wp-json\/wp\/v2\/types\/product"}],"replies":[{"embeddable":true,"href":"https:\/\/teodorowicz.com\/sklep\/wp-json\/wp\/v2\/comments?post=308"}],"wp:featuredmedia":[{"embeddable":true,"href":"https:\/\/teodorowicz.com\/sklep\/wp-json\/wp\/v2\/media\/2478"}],"wp:attachment":[{"href":"https:\/\/teodorowicz.com\/sklep\/wp-json\/wp\/v2\/media?parent=308"}],"curies":[{"name":"wp","href":"https:\/\/api.w.org\/{rel}","templated":true}]}}