{"id":326,"date":"2020-11-17T02:10:20","date_gmt":"2020-11-17T01:10:20","guid":{"rendered":"http:\/\/teodorowicz.com\/sklep\/?post_type=product&#038;p=326"},"modified":"2020-12-12T00:01:14","modified_gmt":"2020-12-11T23:01:14","slug":"co-w-trawie-piszczy","status":"publish","type":"product","link":"https:\/\/teodorowicz.com\/sklep\/produkt\/co-w-trawie-piszczy","title":{"rendered":"Co w trawie piszczy"},"content":{"rendered":"","protected":false},"excerpt":{"rendered":"<hr \/>\n<p>&#8222;Co w trawie piszczy&#8221; jest rysunkiem w oryginale wykonanym temper\u0105, tuszem, kredk\u0105 i pastel\u0105 olejn\u0105 na papierze o formacie\u00a0 70 x 50 cm. G\u0119stwa postaci w graficznym uj\u0119ciu. Druk na papierze bawe\u0142nianym 300g. Sygnowany. Limitowany.<\/p>\n<hr \/>\n","protected":false},"featured_media":2446,"comment_status":"open","ping_status":"closed","template":"","meta":[],"_links":{"self":[{"href":"https:\/\/teodorowicz.com\/sklep\/wp-json\/wp\/v2\/product\/326"}],"collection":[{"href":"https:\/\/teodorowicz.com\/sklep\/wp-json\/wp\/v2\/product"}],"about":[{"href":"https:\/\/teodorowicz.com\/sklep\/wp-json\/wp\/v2\/types\/product"}],"replies":[{"embeddable":true,"href":"https:\/\/teodorowicz.com\/sklep\/wp-json\/wp\/v2\/comments?post=326"}],"wp:featuredmedia":[{"embeddable":true,"href":"https:\/\/teodorowicz.com\/sklep\/wp-json\/wp\/v2\/media\/2446"}],"wp:attachment":[{"href":"https:\/\/teodorowicz.com\/sklep\/wp-json\/wp\/v2\/media?parent=326"}],"curies":[{"name":"wp","href":"https:\/\/api.w.org\/{rel}","templated":true}]}}