{"id":327,"date":"2020-11-17T02:11:02","date_gmt":"2020-11-17T01:11:02","guid":{"rendered":"http:\/\/teodorowicz.com\/sklep\/?post_type=product&#038;p=327"},"modified":"2020-12-13T04:55:43","modified_gmt":"2020-12-13T03:55:43","slug":"wspomnienia-z-nieba","status":"publish","type":"product","link":"https:\/\/teodorowicz.com\/sklep\/produkt\/wspomnienia-z-nieba","title":{"rendered":"Wspomnienia z nieba"},"content":{"rendered":"","protected":false},"excerpt":{"rendered":"<hr \/>\n<p>&#8222;Wspomnienia z nieba&#8221; jest w oryginale rysunkiem wykonanym temper\u0105, tuszem, akwarel\u0105, kredk\u0105 i pastel\u0105 olejn\u0105 na papierze o formacie 70 x 50 cm. Przestrzenny, o delikatnej kolorystyce. Druk na papierze bawe\u0142nianym 300g. Sygnowany. Limitowany.<\/p>\n<hr \/>\n","protected":false},"featured_media":2445,"comment_status":"open","ping_status":"closed","template":"","meta":[],"_links":{"self":[{"href":"https:\/\/teodorowicz.com\/sklep\/wp-json\/wp\/v2\/product\/327"}],"collection":[{"href":"https:\/\/teodorowicz.com\/sklep\/wp-json\/wp\/v2\/product"}],"about":[{"href":"https:\/\/teodorowicz.com\/sklep\/wp-json\/wp\/v2\/types\/product"}],"replies":[{"embeddable":true,"href":"https:\/\/teodorowicz.com\/sklep\/wp-json\/wp\/v2\/comments?post=327"}],"wp:featuredmedia":[{"embeddable":true,"href":"https:\/\/teodorowicz.com\/sklep\/wp-json\/wp\/v2\/media\/2445"}],"wp:attachment":[{"href":"https:\/\/teodorowicz.com\/sklep\/wp-json\/wp\/v2\/media?parent=327"}],"curies":[{"name":"wp","href":"https:\/\/api.w.org\/{rel}","templated":true}]}}