{"id":34,"date":"2020-11-16T20:37:18","date_gmt":"2020-11-16T19:37:18","guid":{"rendered":"http:\/\/teodorowicz.com\/sklep\/?post_type=product&#038;p=34"},"modified":"2020-12-14T04:18:31","modified_gmt":"2020-12-14T03:18:31","slug":"kotow-ogniowych-spacer-po-lesie","status":"publish","type":"product","link":"https:\/\/teodorowicz.com\/sklep\/produkt\/kotow-ogniowych-spacer-po-lesie","title":{"rendered":"Kot\u00f3w ogniowych spacer po lesie"},"content":{"rendered":"","protected":false},"excerpt":{"rendered":"<hr \/>\n<p>&#8222;Kot\u00f3w Ogniowych spacer po lesie&#8221; to drugi z zaplanowanych na sto wydruk\u00f3w (2\/100). Oprawiony w czarn\u0105 ramk\u0119 i bia\u0142e passe- partout. Druk na papierze bawe\u0142nianym 300g z dodatkiem bia\u0142ej kredki. Sygnowany. Do obrazka do\u0142\u0105czone zosta\u0142o r\u0119cznie robione pude\u0142ko z bia\u0142ej tektury.<\/p>\n<hr \/>\n","protected":false},"featured_media":1041,"comment_status":"closed","ping_status":"closed","template":"","meta":[],"_links":{"self":[{"href":"https:\/\/teodorowicz.com\/sklep\/wp-json\/wp\/v2\/product\/34"}],"collection":[{"href":"https:\/\/teodorowicz.com\/sklep\/wp-json\/wp\/v2\/product"}],"about":[{"href":"https:\/\/teodorowicz.com\/sklep\/wp-json\/wp\/v2\/types\/product"}],"replies":[{"embeddable":true,"href":"https:\/\/teodorowicz.com\/sklep\/wp-json\/wp\/v2\/comments?post=34"}],"wp:featuredmedia":[{"embeddable":true,"href":"https:\/\/teodorowicz.com\/sklep\/wp-json\/wp\/v2\/media\/1041"}],"wp:attachment":[{"href":"https:\/\/teodorowicz.com\/sklep\/wp-json\/wp\/v2\/media?parent=34"}],"curies":[{"name":"wp","href":"https:\/\/api.w.org\/{rel}","templated":true}]}}