{"id":49,"date":"2020-11-16T21:01:19","date_gmt":"2020-11-16T20:01:19","guid":{"rendered":"http:\/\/teodorowicz.com\/sklep\/?post_type=product&#038;p=49"},"modified":"2020-12-14T04:14:20","modified_gmt":"2020-12-14T03:14:20","slug":"pozdrawiamy","status":"publish","type":"product","link":"https:\/\/teodorowicz.com\/sklep\/produkt\/pozdrawiamy","title":{"rendered":"Pozdrawiamy!"},"content":{"rendered":"","protected":false},"excerpt":{"rendered":"<hr \/>\n<p>&#8222;Pozdrawiamy!&#8221; to pozdrawiaj\u0105ca rodzina Kot\u00f3w Ogniowych oprawiona w drewnian\u0105, z\u0142ot\u0105 ramk\u0119 o wymiarach 19.0 \u00d7 24.0 cm i bia\u0142ym passe-portout. Trzecia z serii zaplanowanej na sto wydruk\u00f3w (3\/100) . Sygnowana. Druk na papierze bawe\u0142nianym 300g z dodatkiem bia\u0142ej kredki. Do obrazka do\u0142\u0105czone jest r\u0119cznie robione pude\u0142ko z motywem ksi\u0119\u017cycowym. Obrazek mo\u017cna postawi\u0107 (n\u00f3\u017cka) lub powiesi\u0107.<\/p>\n<hr \/>\n","protected":false},"featured_media":53,"comment_status":"closed","ping_status":"closed","template":"","meta":[],"_links":{"self":[{"href":"https:\/\/teodorowicz.com\/sklep\/wp-json\/wp\/v2\/product\/49"}],"collection":[{"href":"https:\/\/teodorowicz.com\/sklep\/wp-json\/wp\/v2\/product"}],"about":[{"href":"https:\/\/teodorowicz.com\/sklep\/wp-json\/wp\/v2\/types\/product"}],"replies":[{"embeddable":true,"href":"https:\/\/teodorowicz.com\/sklep\/wp-json\/wp\/v2\/comments?post=49"}],"wp:featuredmedia":[{"embeddable":true,"href":"https:\/\/teodorowicz.com\/sklep\/wp-json\/wp\/v2\/media\/53"}],"wp:attachment":[{"href":"https:\/\/teodorowicz.com\/sklep\/wp-json\/wp\/v2\/media?parent=49"}],"curies":[{"name":"wp","href":"https:\/\/api.w.org\/{rel}","templated":true}]}}