{"id":699,"date":"2020-11-22T22:37:16","date_gmt":"2020-11-22T21:37:16","guid":{"rendered":"http:\/\/teodorowicz.com\/sklep\/?post_type=product&#038;p=699"},"modified":"2020-12-14T04:20:42","modified_gmt":"2020-12-14T03:20:42","slug":"wschodnia-czesc-gory","status":"publish","type":"product","link":"https:\/\/teodorowicz.com\/sklep\/produkt\/wschodnia-czesc-gory","title":{"rendered":"Wschodnia Cz\u0119\u015b\u0107 G\u00f3ry"},"content":{"rendered":"","protected":false},"excerpt":{"rendered":"<hr \/>\n<p>&#8222;Wschodnia Cz\u0119\u015b\u0107 G\u00f3ry&#8221; to bardzo g\u0119sta, kolorowa praca. Oprawiona zosta\u0142a w drewnian\u0105 ramk\u0119 koloru granatowego i srebrnego. Drugi z serii zaplanowanych na sto wydruk\u00f3w (2\/100). Druk na papierze bawe\u0142nianym 300g z dodatkiem brokatu. Sygnowany. Polecany do wypatrywania szczeg\u00f3\u0142\u00f3w.<\/p>\n<hr \/>\n","protected":false},"featured_media":2822,"comment_status":"closed","ping_status":"closed","template":"","meta":[],"_links":{"self":[{"href":"https:\/\/teodorowicz.com\/sklep\/wp-json\/wp\/v2\/product\/699"}],"collection":[{"href":"https:\/\/teodorowicz.com\/sklep\/wp-json\/wp\/v2\/product"}],"about":[{"href":"https:\/\/teodorowicz.com\/sklep\/wp-json\/wp\/v2\/types\/product"}],"replies":[{"embeddable":true,"href":"https:\/\/teodorowicz.com\/sklep\/wp-json\/wp\/v2\/comments?post=699"}],"wp:featuredmedia":[{"embeddable":true,"href":"https:\/\/teodorowicz.com\/sklep\/wp-json\/wp\/v2\/media\/2822"}],"wp:attachment":[{"href":"https:\/\/teodorowicz.com\/sklep\/wp-json\/wp\/v2\/media?parent=699"}],"curies":[{"name":"wp","href":"https:\/\/api.w.org\/{rel}","templated":true}]}}