{"id":72,"date":"2020-11-16T21:19:34","date_gmt":"2020-11-16T20:19:34","guid":{"rendered":"http:\/\/teodorowicz.com\/sklep\/?post_type=product&#038;p=72"},"modified":"2020-12-14T04:16:59","modified_gmt":"2020-12-14T03:16:59","slug":"dwa-statki","status":"publish","type":"product","link":"https:\/\/teodorowicz.com\/sklep\/produkt\/dwa-statki","title":{"rendered":"Dwa Statki"},"content":{"rendered":"","protected":false},"excerpt":{"rendered":"<hr \/>\n<p>&#8222;Dwa Statki&#8221; to cz\u0119\u015b\u0107 nieformalnej serii zatytu\u0142owanej &#8222;There Are Many Ships Sailing In The Same Direction&#8221;, do kt\u00f3rej wchodz\u0105 wszystkie wizerunki statk\u00f3w. Oprawione zosta\u0142y w bia\u0142\u0105, drewnian\u0105 ramk\u0119 o wymiarach 44.5 \u00d7 32 cm i bia\u0142e passe-partout. Musztardowe \u017c\u00f3\u0142cie, borda, turkusy, oliwkowe zielenie oraz szaro\u015bci to g\u0142\u00f3wna gama kolorystyczna tej pracy. Ca\u0142o\u015b\u0107 w odbiorze raczej stonowana. Sz\u00f3sty z serii zaplanowanych na sto wydruk\u00f3w (6\/100). Druk na papierze bawe\u0142nianym 300g. Sygnowany. Wprost na \u015bcian\u0119.<\/p>\n<hr \/>\n","protected":false},"featured_media":1065,"comment_status":"closed","ping_status":"closed","template":"","meta":[],"_links":{"self":[{"href":"https:\/\/teodorowicz.com\/sklep\/wp-json\/wp\/v2\/product\/72"}],"collection":[{"href":"https:\/\/teodorowicz.com\/sklep\/wp-json\/wp\/v2\/product"}],"about":[{"href":"https:\/\/teodorowicz.com\/sklep\/wp-json\/wp\/v2\/types\/product"}],"replies":[{"embeddable":true,"href":"https:\/\/teodorowicz.com\/sklep\/wp-json\/wp\/v2\/comments?post=72"}],"wp:featuredmedia":[{"embeddable":true,"href":"https:\/\/teodorowicz.com\/sklep\/wp-json\/wp\/v2\/media\/1065"}],"wp:attachment":[{"href":"https:\/\/teodorowicz.com\/sklep\/wp-json\/wp\/v2\/media?parent=72"}],"curies":[{"name":"wp","href":"https:\/\/api.w.org\/{rel}","templated":true}]}}