{"id":73,"date":"2020-11-16T21:23:42","date_gmt":"2020-11-16T20:23:42","guid":{"rendered":"http:\/\/teodorowicz.com\/sklep\/?post_type=product&#038;p=73"},"modified":"2020-12-14T04:08:32","modified_gmt":"2020-12-14T03:08:32","slug":"statek","status":"publish","type":"product","link":"https:\/\/teodorowicz.com\/sklep\/produkt\/statek","title":{"rendered":"Statek"},"content":{"rendered":"","protected":false},"excerpt":{"rendered":"<hr \/>\n<p>&#8222;Statek&#8221; to cz\u0119\u015b\u0107 nieformalnej serii zatytu\u0142owanej &#8222;There Are Many Ships Sailing In The Same Direction&#8221;, do kt\u00f3rej wchodz\u0105 wszystkie wizerunki statk\u00f3w. Oprawiony zosta\u0142 w bia\u0142\u0105, drewnian\u0105 ramk\u0119 o wymiarach 44.5 \u00d7 32 cm i bia\u0142e passe-partout. Utrzymany w szaro\u015bciach i zgaszonych b\u0142\u0119kitach. Oszcz\u0119dny w formie. Druk na papierze bawe\u0142nianym 300g. Trzeci z serii zaplanowanych na sto wydruk\u00f3w (3\/100). Sygnowany.<\/p>\n<hr \/>\n","protected":false},"featured_media":1004,"comment_status":"closed","ping_status":"closed","template":"","meta":[],"_links":{"self":[{"href":"https:\/\/teodorowicz.com\/sklep\/wp-json\/wp\/v2\/product\/73"}],"collection":[{"href":"https:\/\/teodorowicz.com\/sklep\/wp-json\/wp\/v2\/product"}],"about":[{"href":"https:\/\/teodorowicz.com\/sklep\/wp-json\/wp\/v2\/types\/product"}],"replies":[{"embeddable":true,"href":"https:\/\/teodorowicz.com\/sklep\/wp-json\/wp\/v2\/comments?post=73"}],"wp:featuredmedia":[{"embeddable":true,"href":"https:\/\/teodorowicz.com\/sklep\/wp-json\/wp\/v2\/media\/1004"}],"wp:attachment":[{"href":"https:\/\/teodorowicz.com\/sklep\/wp-json\/wp\/v2\/media?parent=73"}],"curies":[{"name":"wp","href":"https:\/\/api.w.org\/{rel}","templated":true}]}}