{"id":81,"date":"2020-11-16T21:33:49","date_gmt":"2020-11-16T20:33:49","guid":{"rendered":"http:\/\/teodorowicz.com\/sklep\/?post_type=product&#038;p=81"},"modified":"2020-12-15T18:28:18","modified_gmt":"2020-12-15T17:28:18","slug":"dopadl-nas-deszcz-pod-miastem","status":"publish","type":"product","link":"https:\/\/teodorowicz.com\/sklep\/produkt\/dopadl-nas-deszcz-pod-miastem","title":{"rendered":"Dopad\u0142 nas deszcz pod miastem&#8230;"},"content":{"rendered":"","protected":false},"excerpt":{"rendered":"<hr \/>\n<p>&#8222;Dopad\u0142 nas deszcz pod miastem, ale nie martw si\u0119, dotrzemy o \u015bwicie, Duszko&#8221;. Tak\u0105 wiadomo\u015b\u0107, w swoim ogrodzie, majowej nocy, otrzyma\u0142a pewna dama oczekuj\u0105ca przybycia bandy znajomych w\u0142\u00f3czykij\u00f3w. Troszk\u0119 zmartwiona i troszk\u0119 jakby zirytowana, nie maj\u0105c jednak innego wyj\u015bcia jak czeka\u0107, postanawia si\u0119 rozchmurzy\u0107 i czeka\u0107. Tymczasem buszuj\u0105ce w zaro\u015blach koty zupe\u0142nie niczym si\u0119 nie przej\u0119\u0142y, nic te\u017c nie postanowi\u0142y i na nic nie czekaj\u0105.<\/p>\n<p>Oprawiony w bia\u0142\u0105, drewnian\u0105 ramk\u0119 o wymiarach 30.5 \u00d7 33 cm, z ciemnoniebieskim passe-partout. Kolory dosy\u0107 ciemne. Pierwszy z serii zaplanowanych na sto wydruk\u00f3w (1\/100). Druk na papierze bawe\u0142nianym 300g. Sygnowany. Do obrazka do\u0142\u0105czone r\u0119cznie robione, tekturowe pude\u0142ko.<\/p>\n<hr \/>\n","protected":false},"featured_media":1055,"comment_status":"closed","ping_status":"closed","template":"","meta":[],"_links":{"self":[{"href":"https:\/\/teodorowicz.com\/sklep\/wp-json\/wp\/v2\/product\/81"}],"collection":[{"href":"https:\/\/teodorowicz.com\/sklep\/wp-json\/wp\/v2\/product"}],"about":[{"href":"https:\/\/teodorowicz.com\/sklep\/wp-json\/wp\/v2\/types\/product"}],"replies":[{"embeddable":true,"href":"https:\/\/teodorowicz.com\/sklep\/wp-json\/wp\/v2\/comments?post=81"}],"wp:featuredmedia":[{"embeddable":true,"href":"https:\/\/teodorowicz.com\/sklep\/wp-json\/wp\/v2\/media\/1055"}],"wp:attachment":[{"href":"https:\/\/teodorowicz.com\/sklep\/wp-json\/wp\/v2\/media?parent=81"}],"curies":[{"name":"wp","href":"https:\/\/api.w.org\/{rel}","templated":true}]}}