{"id":94,"date":"2020-11-16T21:47:03","date_gmt":"2020-11-16T20:47:03","guid":{"rendered":"http:\/\/teodorowicz.com\/sklep\/?post_type=product&#038;p=94"},"modified":"2020-12-14T04:09:20","modified_gmt":"2020-12-14T03:09:20","slug":"straznica","status":"publish","type":"product","link":"https:\/\/teodorowicz.com\/sklep\/produkt\/straznica","title":{"rendered":"Stra\u017cnica"},"content":{"rendered":"","protected":false},"excerpt":{"rendered":"<hr \/>\n<p>&#8222;Stra\u017cnica&#8221; nazywana r\u00f3wnie\u017c &#8222;Domem Orionowym&#8221; jest w oryginale rysunkiem wykonanym poprzez wydrapywanie ciemnej warstwy farby i ods\u0142anianie jasnej. Oprawiona w drewnian\u0105, postarzan\u0105 ramk\u0119 koloru zielonego i z\u0142otego o wymiarach 33.5 \u00d7 44.5 cm . Utrzymana w kolorze ciemnej zieleni. Dobrze czuje si\u0119 w\u015br\u00f3d ro\u015blin. Pierwsza z serii na sto zaplanowanych wydruk\u00f3w (1\/100). Sygnowana.<\/p>\n<hr \/>\n","protected":false},"featured_media":113,"comment_status":"closed","ping_status":"closed","template":"","meta":[],"_links":{"self":[{"href":"https:\/\/teodorowicz.com\/sklep\/wp-json\/wp\/v2\/product\/94"}],"collection":[{"href":"https:\/\/teodorowicz.com\/sklep\/wp-json\/wp\/v2\/product"}],"about":[{"href":"https:\/\/teodorowicz.com\/sklep\/wp-json\/wp\/v2\/types\/product"}],"replies":[{"embeddable":true,"href":"https:\/\/teodorowicz.com\/sklep\/wp-json\/wp\/v2\/comments?post=94"}],"wp:featuredmedia":[{"embeddable":true,"href":"https:\/\/teodorowicz.com\/sklep\/wp-json\/wp\/v2\/media\/113"}],"wp:attachment":[{"href":"https:\/\/teodorowicz.com\/sklep\/wp-json\/wp\/v2\/media?parent=94"}],"curies":[{"name":"wp","href":"https:\/\/api.w.org\/{rel}","templated":true}]}}