{"id":997,"date":"2020-11-30T22:02:52","date_gmt":"2020-11-30T21:02:52","guid":{"rendered":"http:\/\/teodorowicz.com\/sklep\/?post_type=product&#038;p=997"},"modified":"2020-12-14T04:21:44","modified_gmt":"2020-12-14T03:21:44","slug":"nocne-ladowanie-w-domu","status":"publish","type":"product","link":"https:\/\/teodorowicz.com\/sklep\/produkt\/nocne-ladowanie-w-domu","title":{"rendered":"Nocne l\u0105dowanie w domu wi\u0119kszych kot\u00f3w ogniowych"},"content":{"rendered":"","protected":false},"excerpt":{"rendered":"<hr \/>\n<p>Jeste\u015bmy w\u0142a\u015bnie \u015bwiadkami momentu jak po raz pierwszy w \u017cyciu Wi\u0119kszy Kot Ogniowy widzi swoich mniejszych pobratymc\u00f3w, kt\u00f3rzy zbyt zaaferowani samym faktem podr\u00f3\u017cowania, w lekkiej panice i w pe\u0142nym chaosie, straciwszy poczucie kierunku, wyl\u0105dowali na obrusie u niego w domu. Oni te\u017c nigdy jeszcze nie spotkali innych Kot\u00f3w Ogniowych, tym bardziej wi\u0119kszych. Na razie niczego nie \u015bwiadomi, chichocz\u0105c, stoj\u0105 do niego ty\u0142em, zadowoleni z powodzenia samego l\u0105dowania&#8230; Trzeba doda\u0107, \u017ce na szcz\u0119\u015bcie \u017cadne Koty Ogniowe nie s\u0105 drapie\u017cne, tylko dosy\u0107 strachliwe.<\/p>\n<p>\u201eNocne l\u0105dowanie w domu wi\u0119kszych kot\u00f3w ogniowych\u201d to rysunek barwny w oryginale wykonany akwarel\u0105, cienkopisem kre\u015blarskim i bia\u0142\u0105 kredk\u0105. Niewielkich rozmiar\u00f3w druk oprawiony zosta\u0142 w czarn\u0105 ramk\u0119, o wymiarach 20.5 x 15.5 cm, o grubo\u015bci 3.5 cm i bia\u0142e passe- partout. Jest to czwarty z serii zaplanowanych na sto wydruk\u00f3w (4\/100). Druk na papierze bawe\u0142nianym 300g. Sygnowany. Dodatkowo do obrazka do\u0142\u0105czone jest r\u0119cznie robione bia\u0142e, tekturowe pude\u0142ko.<\/p>\n<hr \/>\n","protected":false},"featured_media":998,"comment_status":"closed","ping_status":"closed","template":"","meta":[],"_links":{"self":[{"href":"https:\/\/teodorowicz.com\/sklep\/wp-json\/wp\/v2\/product\/997"}],"collection":[{"href":"https:\/\/teodorowicz.com\/sklep\/wp-json\/wp\/v2\/product"}],"about":[{"href":"https:\/\/teodorowicz.com\/sklep\/wp-json\/wp\/v2\/types\/product"}],"replies":[{"embeddable":true,"href":"https:\/\/teodorowicz.com\/sklep\/wp-json\/wp\/v2\/comments?post=997"}],"wp:featuredmedia":[{"embeddable":true,"href":"https:\/\/teodorowicz.com\/sklep\/wp-json\/wp\/v2\/media\/998"}],"wp:attachment":[{"href":"https:\/\/teodorowicz.com\/sklep\/wp-json\/wp\/v2\/media?parent=997"}],"curies":[{"name":"wp","href":"https:\/\/api.w.org\/{rel}","templated":true}]}}